{"id":277,"date":"2025-04-01T07:52:25","date_gmt":"2025-04-01T07:52:25","guid":{"rendered":"https:\/\/www.naturheilpraxis-stoetzer.de\/?page_id=277"},"modified":"2025-05-20T09:30:56","modified_gmt":"2025-05-20T09:30:56","slug":"datenschutz","status":"publish","type":"page","link":"https:\/\/www.naturheilpraxis-stoetzer.de\/en\/datenschutz\/","title":{"rendered":"Data protection"},"content":{"rendered":"<div data-elementor-type=\"wp-page\" data-elementor-id=\"277\" class=\"elementor elementor-277\" data-elementor-post-type=\"page\">\n\t\t\t\t<div class=\"elementor-element elementor-element-01aefd7 e-flex e-con-boxed e-con e-parent\" data-id=\"01aefd7\" data-element_type=\"container\" data-e-type=\"container\">\n\t\t\t\t\t<div class=\"e-con-inner\">\n\t\t\t\t<div class=\"elementor-element elementor-element-c92bf66 elementor-widget elementor-widget-heading\" data-id=\"c92bf66\" data-element_type=\"widget\" data-e-type=\"widget\" data-widget_type=\"heading.default\">\n\t\t\t\t<div class=\"elementor-widget-container\">\n\t\t\t\t\t<h2 class=\"elementor-heading-title elementor-size-default\">datenschutz<\/h2>\t\t\t\t<\/div>\n\t\t\t\t<\/div>\n\t\t\t\t<div class=\"elementor-element elementor-element-0cdf343 elementor-widget elementor-widget-text-editor\" data-id=\"0cdf343\" data-element_type=\"widget\" data-e-type=\"widget\" data-widget_type=\"text-editor.default\">\n\t\t\t\t<div class=\"elementor-widget-container\">\n\t\t\t\t\t\t\t\t\t<div id=\"stacks_out_1232\" class=\"stacks_out\"><div id=\"stacks_in_1232\" class=\"stacks_in com_bigwhiteduck_stacks_FoundationHeaderPlus_stack\"><h3 class=\"text-left  custom  headPlus\"><span class=\"hPlus\"><span class=\"hTxt\">DATENSCHUTZERKL\u00c4RUNG<\/span><\/span><\/h3><\/div><\/div><div id=\"stacks_out_35886\" class=\"stacks_out\"><div id=\"stacks_in_35886\" class=\"stacks_in com_joeworkman_stacks_foundation_paragraph_stack\"><p class=\"text-left custom\" draggable=\"false\">Ich freue mich \u00fcber Ihren Besuch auf meiner Internetpr\u00e4senz. Ich nehme den Schutz Ihrer pers\u00f6nlichen Daten ernst und halten mich an die Regeln der gesetzlichen Vorgaben, insbesondere der Datenschutzgesetze. Die in dieser Erkl\u00e4rung verwendeten Begrifflichkeiten sind geschlechtsneutral zu verstehen und umfassen jeweils die weibliche und m\u00e4nnliche Form.<br \/><br \/><\/p><h4>1. Information \u00fcber die Erhebung personenbezogener Daten<\/h4>1.1. In dieser Datenschutzerkl\u00e4rung informiere ich Sie \u00fcber die Erhebung personenbezogener Daten bei Nutzung meiner Internetpr\u00e4senz. Personenbezogene Daten sind alle Daten, die auf Sie pers\u00f6nlich beziehbar sind, beispielweise Ihr Name, Ihre Anschrift oder Ihre E-Mail-Adresse.<br \/><br \/>1.2. Verantwortlicher gem. Art. 4 Abs. 7 EU-Datenschutz-Grundverordnung (DS-GVO) bin ich, Heilpraktiker Marcus St\u00f6tzer, 65185 Wiesbaden, Rheinstra\u00dfe 45, info@naturheilpraxis-stoetzer.de. Alle Angaben \u00fcber mich finden Sie in meinem Impressum (Verlinkung auf Impressum erstellen).<br \/><br \/>1.3. F\u00fcr eine Kontaktaufnahme k\u00f6nnen Sie mir eine E-Mail zusenden oder das auf meiner Website bereitgestellte Kontaktformular nutzen. Dabei ist die Angabe einer g\u00fcltigen E-Mail-Adresse erforderlich, um Ihre Anfrage beantworten zu k\u00f6nnen. Sofern Sie dies w\u00fcnschen, k\u00f6nnen Sie hierzu eine E-Mailadresse verwenden, die keine R\u00fcckschl\u00fcsse auf Ihre Person zul\u00e4sst. Wenn Sie mir eine E-Mail schreiben oder eine Nachricht \u00fcber das Kontaktformular zukommen lassen, speichere ich die von Ihnen mitgeteilten Daten (z.B. Ihre E-Mail-Adresse, ggf. Ihren Namen und Ihre Telefonnummer), um Ihre Fragen zu beantworten. Ist eine Speicherung nicht mehr erforderlich, l\u00f6sche ich die erhobenen personenbezogenen Daten. Falls eine gesetzliche Aufbewahrungspflicht besteht, schr\u00e4nke ich die Verarbeitung ein. Die Rechtsgrundlage f\u00fcr die Datenverarbeitung zum Zwecke der Kontaktaufnahme bildet Art. 6 Abs. 1 S. 1 lit. f DS-GVO.<br \/><br \/>(Anwenderhinweis: Bei der Nutzung eines Kontaktformulars wird teilweise vertreten, dass eine Einwilligung erforderlich sei. Zu deren Einholung kann eine anklickbare Checkbox unter dem Kontaktformular genutzt werden. Rechtsgrundlage f\u00fcr die Datenverarbeitung zum Zwecke der Kontaktaufnahme w\u00e4re in diesem Fall Art. 6 Abs. 1 S. 1 lit. a DS-GVO. In jedem Falle sollte unter dem Kontaktformular ein Hinweis bzw. Link auf die Datenschutzerkl\u00e4rung eingef\u00fcgt werden.)<br \/><br \/>1.4. Ich m\u00f6chte Sie darauf hinweisen, dass eine Daten\u00fcbertragung per E-Mail Sicherheitsl\u00fccken aufweisen kann. Ein l\u00fcckenloser Schutz der Daten vor dem Zugriff durch Dritte ist hier nicht m\u00f6glich. Ich empfehle deshalb, gesundheitsbezogene Daten nicht per Email zu \u00fcbermitteln. Sofern Sie an einer verschl\u00fcsselten E-Mail-Korrespondenz interessiert sind, teilen Sie mir dies bitte mit.<br \/><br \/>1.5. F\u00fcr einzelne Funktionen meiner Website ben\u00f6tige ich die Mitwirkung von externen Dienstleistern. \u00dcber die jeweiligen Vorg\u00e4nge informiere ich Sie unter Punkt 6. dieser Erkl\u00e4rung.<br \/><br \/><h4>2. Erhebung und Speicherung personenbezogener Daten bei Aufruf meiner Website<\/h4>2.1. Wenn Sie meine Internetpr\u00e4senz informatorisch nutzen &#8211; also lediglich betrachten -, erhebe ich bei deren Aufruf diejenigen personenbezogenen Daten, die Ihr Browser automatisch an den Server meiner Website \u00fcbermittelt. Diese Informationen werden tempor\u00e4r in einem sog. Logfile gespeichert. Folgende Informationen werden dabei ohne Ihr Zutun erfasst und bis zur automatisierten L\u00f6schung gespeichert:<br \/><br \/>&#8211; IP-Adresse des anfragenden Rechners,<br \/>&#8211; Datum und Uhrzeit der Anfrage bzw. des Zugriffs,<br \/>&#8211; Zeitzonendifferenz zur Greenwich Mean Time (GMT),<br \/>&#8211; Inhalt der Anforderung (konkrete Seite),<br \/>&#8211; Name und URL der abgerufenen Datei,<br \/>&#8211; Zugriffsstatus\/HTTP-Statuscode,<br \/>&#8211; jeweils \u00fcbertragene Datenmenge,<br \/>&#8211; Website, von der die Anforderung bzw. der Zugriff erfolgt (Referrer-URL),<br \/>&#8211; verwendeter Browser,<br \/>&#8211; Betriebssystem Ihres Rechners und dessen Oberfl\u00e4che sowie der Name Ihres Access-Providers,<br \/>&#8211; Sprache und Version der Browsersoftware.<br \/><br \/>2.2. Die genannten Daten verarbeite ich, um Ihnen meine Website anzuzeigen und dabei Stabilit\u00e4t und Sicherheit zu gew\u00e4hrleisten. Insbesondere um einen reibungslosen Verbindungsaufbau und eine komfortable Nutzung meiner Website sicherzustellen sowie f\u00fcr eine Auswertung der Systemsicherheit bzw. Systemstabilit\u00e4t und zu weiteren administrativen Zwecken.<br \/><br \/>2.3. Die Rechtsgrundlage f\u00fcr die Datenverarbeitung bildet Art. 6 Abs. 1 S. 1 lit. f DS-GVO. Unser berechtigtes Interesse folgt aus den vorstehend aufgelisteten Zwecken zur Datenerhebung.<br \/><br \/><h4>3. Weitergabe von Daten \/ Daten\u00fcbermittlung<\/h4>Ich \u00fcbermittele Ihre pers\u00f6nlichen Daten an Dritte ausschlie\u00dflich zu folgenden Zwecken:<br \/><br \/>3.1. &#8211; nach Erteilung einer ausdr\u00fccklichen Einwilligung gem\u00e4\u00df Art. 6 Abs. 1 S. 1 lit. a DSGVO,<br \/>3.2. &#8211; die Weitergabe ist nach Art. 6 Abs. 1 S. 1 lit. f DSGVO zur Geltendmachung, Aus\u00fcbung oder Verteidigung von Rechtsanspr\u00fcchen erforderlich und es besteht kein Grund zur Annahme, dass Sie ein \u00fcberwiegendes schutzw\u00fcrdiges Interesse an der Nichtweitergabe Ihrer Daten haben,<br \/>3.3. &#8211; falls f\u00fcr die Weitergabe nach Art. 6 Abs. 1 S. 1 lit. c DSGVO eine gesetzliche Verpflichtung besteht,<br \/>3.4. &#8211; sofern dies gesetzlich zul\u00e4ssig und nach Art. 6 Abs. 1 S. 1 lit. b DSGVO f\u00fcr die Abwicklung von Vertragsverh\u00e4ltnissen mit Ihnen erforderlich ist.<br \/><br \/><h4>4. Ihre Rechte<\/h4>Sie haben gegen\u00fcber mir Rechte hinsichtlich der Sie betreffenden personenbezogenen Daten. Hierbei handelt es sich um das:<br \/><br \/>4.1. &#8211; Recht auf Auskunft: gem\u00e4\u00df Art. 15 DSGVO k\u00f6nnen Sie Auskunft \u00fcber Ihre von mir verarbeiteten personenbezogenen Daten verlangen.<br \/>4.2. &#8211; Recht auf Berichtigung: gem\u00e4\u00df Art. 16 DSGVO k\u00f6nnen Sie unverz\u00fcglich die Berichtigung unrichtiger oder Vervollst\u00e4ndigung Ihrer bei mir gespeicherten personenbezogenen Daten verlangen.<br \/>4.3. &#8211; Recht auf L\u00f6schung: gem\u00e4\u00df Art. 17 DSGVO k\u00f6nnen Sie die L\u00f6schung Ihrer bei mir gespeicherten personenbezogenen Daten verlangen.<br \/>4.4. &#8211; Recht auf Einschr\u00e4nkung der Verarbeitung: gem\u00e4\u00df Art. 18 DSGVO k\u00f6nnen Sie die Einschr\u00e4nkung der Verarbeitung Ihrer bei mir gespeicherten personenbezogenen Daten verlangen.<br \/>4.5. &#8211; Recht auf Widerspruch gegen die Verarbeitung: gem\u00e4\u00df Art. 7 Abs. 3 DSGVO k\u00f6nnen Sie Ihre einmal erteilte Einwilligung jederzeit gegen\u00fcber mir widerrufen.<br \/>4.6. &#8211; Recht auf Daten\u00fcbertragbarkeit: gem\u00e4\u00df Art. 20 DSGVO k\u00f6nnen Sie verlangen, Ihre personenbezogenen Daten, die Sie mir bereitgestellt haben, in einem strukturierten, g\u00e4ngigen und maschinenlesebaren Format zu erhalten oder die \u00dcbermittlung an einen anderen Verantwortlichen verlangen.<br \/>4.7. &#8211; Sie haben gem\u00e4\u00df Art. 77 DSGVO zudem das Recht, sich bei einer Datenschutz-Aufsichtsbeh\u00f6rde \u00fcber die Verarbeitung Ihrer personenbezogenen Daten durch mich zu beschweren.<br \/><br \/><h4>5. Cookies<\/h4>5.1. Neben den in Punkt 2. genannten Daten werden bei Ihrer Nutzung meiner Website sogenannte Cookies auf Ihrem Endger\u00e4t (Laptop, Tablet, Smartphone o.\u00e4.) gespeichert. Dies sind kleine Textdateien, die auf Ihrer Festplatte dem von Ihnen verwendeten Browser zugeordnet gespeichert werden; durch Cookies erh\u00e4lt die Stelle, die den Cookie setzt, bestimmte Informationen. Cookies dienen dazu, mein Internetangebot nutzerfreundlicher und effektiver zu machen. Ich erhalte durch Cookies nicht unmittelbar Kenntnis von Ihrer Identit\u00e4t. Cookies k\u00f6nnen keine Programme ausf\u00fchren oder Viren auf Ihren Computer \u00fcbertragen.<br \/><br \/>5.2. Meine Website nutzt ausschlie\u00dflich Session-Cookies. Diese speichern eine sogenannte Session-ID, mit welcher sich verschiedene Anfragen Ihres Browsers der Sitzung zuordnen lassen. Durch Session-Cookies kann erkannt werden, dass Sie einzelne Seiten meiner Website bereits besucht haben. Die Session-Cookies werden automatisch gel\u00f6scht, wenn Sie meine Seite verlassen oder Ihren Browser schlie\u00dfen. Sie k\u00f6nnen die Cookies in den Sicherheitseinstellungen Ihres Browsers zudem jederzeit l\u00f6schen.<br \/><br \/>5.3. Sie k\u00f6nnen meine Webseite auch ohne Cookies besuchen. Sie m\u00fcssen hierzu Ihre Browser-Einstellung so konfigurieren, dass die Annahme von Cookies unterbleibt. In diesem Fall k\u00f6nnen Sie m\u00f6glicherweise nicht alle Funktionen meiner Website nutzen.<br \/><br \/>5.4. Die durch Cookies verarbeiteten Daten sind f\u00fcr die genannten Zwecke zur Wahrung unserer berechtigten Interessen sowie der Dritter nach Art. 6 Abs. 1 S. 1 lit. f DSGVO erforderlich.<br \/><br \/>5.5. \u00dcber Cookies, die durch eingebundene Dienste (z.B. YouTube) gesetzt werden, informiere ich Sie unter Punkt 6 dieser Erkl\u00e4rung.<br \/><br \/><h4>6. Weitere Funktionen und Angebote meiner Website \/ Einbindung von Diensten und Inhalten Dritter (Plug-in-Anbieter)<\/h4>Neben der rein informatorischen (betrachtenden) Nutzung meiner Website biete ich verschiedene Leistungen an, die Sie bei Interesse aktiv nutzen k\u00f6nnen. Dazu m\u00fcssen Sie in der Regel weitere personenbezogene Daten angeben; diese werden verwendet, um die jeweilige Leistung zu erbringen.<br \/><br \/><h4>7. Widerspruch oder Widerruf gegen die Verarbeitung Ihrer Daten<\/h4>7.1. Sofern ich Ihre personenbezogenen Daten auf Grundlage von berechtigten Interessen gem\u00e4\u00df Art. 6 Abs. 1 S. 1 lit. f DSGVO verarbeite, k\u00f6nnen Sie gem\u00e4\u00df Art. 21 DS-GVO Widerspruch gegen die Verarbeitung Ihrer personenbezogenen Daten einlegen. In diesem Fall teilen Sie mir bitte die Gr\u00fcnde &#8211; die sich aus Ihrer besonderen Situation ergeben &#8211; mit, aufgrund derer ich Ihre personenbezogenen Daten nicht verarbeiten soll. Nach Pr\u00fcfung Ihres Widerspruchs stelle ich entweder die Datenverarbeitung ein, passe diese an oder f\u00fchre die Verarbeitung fort. In zuletzt genannten Fall lege ich Ihnen meine zwingenden schutzw\u00fcrdigen Gr\u00fcnde dar.<br \/><br \/>7.2. Der Verarbeitung Ihrer personenbezogenen Daten f\u00fcr Zwecke der Werbung und\/oder Datenanalyse k\u00f6nnen Sie jederzeit ohne Angabe von Gr\u00fcnden widersprechen. Ihr diesbez\u00fcgliches Widerspruchsrecht setzte um; die Angabe von Gr\u00fcnden ist hierzu nicht erforderlich.<br \/><br \/>7.3. Falls Sie eine Einwilligung zur Verarbeitung Ihrer Daten erteilt haben, k\u00f6nnen Sie diese jederzeit mit Wirkung f\u00fcr die Zukunft widerrufen.<br \/><br \/>7.4. Zur Aus\u00fcbung Ihres Widerrufs- oder Widerspruchsrecht richten Sie eine E-Mail an folgende Adresse: info@naturheilpraxis-stoetzer.de<br \/>\u00dcber Ihren Widerspruch oder Widerruf k\u00f6nnen Sie mich auch unter folgenden Kontaktdaten informieren:<br \/><br \/>Naturheilpraxis St\u00f6tzer<br \/>Marcus St\u00f6tzer<br \/>Rheinstra\u00dfe 45<br \/>65185 Wiesbaden<br \/>Tel.: 0611-34195588<br \/>Fax: 0611-34195589<br \/>E-Mail:\u00a0<a href=\"mailto:info@naturheilpraxis-stoetzer.de\">info@naturheilpraxis-stoetzer.de<\/a><br \/><br \/><h4>8. Verschl\u00fcsselung<\/h4>Zur Sicherung Ihrer Daten verwende ich auf meiner Internetpr\u00e4senz eine SSL-Verschl\u00fcsselung.<br \/>Zertifikate zur Verwendung der SSL-Verschl\u00fcsselung werden von mir regelm\u00e4\u00dfig erneuert. Ob eine Seite meines Internetauftrittes verschl\u00fcsselt \u00fcbertragen wird, erkennen Sie an der geschlossenen Darstellung des Sch\u00fcssel-\/Schloss-Symbols in der Statusleiste Ihres Browsers.<br \/><br \/><h4>9. Weitere Fragen<\/h4>Konnte meine Datenschutzerkl\u00e4rung eine Ihrer Fragen nicht beantworten? W\u00fcnschen Sie zu einem Punkt weitere Informationen? Dann lassen Sie mich dies wissen. Ich gebe Ihnen jederzeit gern weitere Auskunft. F\u00fcr alle Anfragen zum Datenschutz wenden Sie sich bitte an folgende E-Mail-Adresse:<br \/><a href=\"mailto:info@naturheilpraxis-stoetzer.de\">info@naturheilpraxis-stoetzer.de<\/a><br \/><br \/><em>Diese Datenschutzerkl\u00e4rung wurde f\u00fcr Freie Heilpraktiker e.V. erstellt von Dr. Ren\u00e9 Sasse, Rechtsanwalt aus Dortmund. Eine Verwendung ohne Genehmigung ist nicht zul\u00e4ssig.<\/em><br \/><br \/><p>\u00a0<\/p><\/div><\/div><div id=\"stacks_out_5\" class=\"stacks_out\"><div id=\"stacks_in_5\" class=\"stacks_in com_joeworkman_stacks_foundation_paragraph_stack\"><p class=\"text-left custom\" draggable=\"false\">Diese Webseite benutzt\u00a0<a href=\"http:\/\/www.stetic.com\/\" target=\"_blank\" rel=\"noopener\">Stetic<\/a>, einen Statistik- und Analyseservice f\u00fcr Webseiten. Mit Hilfe von Stetic werden anonymisierte Besucherdaten zu Optimierungs- und Marketingzwecken gesammelt, ausgewertet und gespeichert. Stetic verwendet Cookies, die in Textdateien im Zwischenspeicher Ihres Browsers gespeichert werden. Diese Cookies dienen dazu, den Browser wiederzuerkennen und erm\u00f6glichen so eine genauere Ermittlung der Statistikdaten. IP-Adressen werden bei Stetic ausschliesslich anonymisiert gespeichert. Die im Rahmen von Stetic erhobenen Daten werden ohne die gesondert erteilte Zustimmung des Betroffenen nicht dazu genutzt, den Besucher dieser Webseite pers\u00f6nlich zu identifizieren. Die Speicherung des Cookies kann durch eine entsprechende Einstellung in Ihrer Browser-Software verhindert werden. Ebenso k\u00f6nnen Sie die Speicherung und Verarbeitung Ihrer Daten f\u00fcr die Zukunft verhindern, indem Sie unter der URL\u00a0<a href=\"https:\/\/www.stetic.com\/optout.html?pid=74368\" target=\"_blank\" rel=\"noopener\">https:\/\/www.stetic.com\/optout.html?pid=74368<\/a>\u00a0der Erfassung Ihrer anonymisierten Besucherdaten widersprechen.<\/p><\/div><\/div>\t\t\t\t\t\t\t\t<\/div>\n\t\t\t\t<\/div>\n\t\t\t\t\t<\/div>\n\t\t\t\t<\/div>\n\t\t\t\t<\/div>","protected":false},"excerpt":{"rendered":"<p>datenschutz DATENSCHUTZERKL\u00c4RUNG Ich freue mich \u00fcber Ihren Besuch auf meiner Internetpr\u00e4senz. Ich nehme den Schutz Ihrer pers\u00f6nlichen Daten ernst und halten mich an die Regeln der gesetzlichen Vorgaben, insbesondere der Datenschutzgesetze. Die in dieser Erkl\u00e4rung verwendeten Begrifflichkeiten sind geschlechtsneutral zu verstehen und umfassen jeweils die weibliche und m\u00e4nnliche Form. 1. Information \u00fcber die Erhebung personenbezogener [&hellip;]<\/p>\n","protected":false},"author":2,"featured_media":0,"parent":0,"menu_order":0,"comment_status":"closed","ping_status":"closed","template":"","meta":{"_acf_changed":false,"om_disable_all_campaigns":false,"_monsterinsights_skip_tracking":false,"_monsterinsights_sitenote_active":false,"_monsterinsights_sitenote_note":"","_monsterinsights_sitenote_category":0,"ocean_post_layout":"full-screen","ocean_both_sidebars_style":"","ocean_both_sidebars_content_width":0,"ocean_both_sidebars_sidebars_width":0,"ocean_sidebar":"","ocean_second_sidebar":"","ocean_disable_margins":"on","ocean_add_body_class":"","ocean_shortcode_before_top_bar":"","ocean_shortcode_after_top_bar":"","ocean_shortcode_before_header":"","ocean_shortcode_after_header":"","ocean_has_shortcode":"","ocean_shortcode_after_title":"","ocean_shortcode_before_footer_widgets":"","ocean_shortcode_after_footer_widgets":"","ocean_shortcode_before_footer_bottom":"","ocean_shortcode_after_footer_bottom":"","ocean_display_top_bar":"default","ocean_display_header":"on","ocean_header_style":"","ocean_center_header_left_menu":"","ocean_custom_header_template":"","ocean_custom_logo":0,"ocean_custom_retina_logo":0,"ocean_custom_logo_max_width":0,"ocean_custom_logo_tablet_max_width":0,"ocean_custom_logo_mobile_max_width":0,"ocean_custom_logo_max_height":0,"ocean_custom_logo_tablet_max_height":0,"ocean_custom_logo_mobile_max_height":0,"ocean_header_custom_menu":"","ocean_menu_typo_font_family":"","ocean_menu_typo_font_subset":"","ocean_menu_typo_font_size":0,"ocean_menu_typo_font_size_tablet":0,"ocean_menu_typo_font_size_mobile":0,"ocean_menu_typo_font_size_unit":"px","ocean_menu_typo_font_weight":"","ocean_menu_typo_font_weight_tablet":"","ocean_menu_typo_font_weight_mobile":"","ocean_menu_typo_transform":"","ocean_menu_typo_transform_tablet":"","ocean_menu_typo_transform_mobile":"","ocean_menu_typo_line_height":0,"ocean_menu_typo_line_height_tablet":0,"ocean_menu_typo_line_height_mobile":0,"ocean_menu_typo_line_height_unit":"","ocean_menu_typo_spacing":0,"ocean_menu_typo_spacing_tablet":0,"ocean_menu_typo_spacing_mobile":0,"ocean_menu_typo_spacing_unit":"","ocean_menu_link_color":"","ocean_menu_link_color_hover":"","ocean_menu_link_color_active":"","ocean_menu_link_background":"","ocean_menu_link_hover_background":"","ocean_menu_link_active_background":"","ocean_menu_social_links_bg":"","ocean_menu_social_hover_links_bg":"","ocean_menu_social_links_color":"","ocean_menu_social_hover_links_color":"","ocean_disable_title":"on","ocean_disable_heading":"default","ocean_post_title":"","ocean_post_subheading":"","ocean_post_title_style":"","ocean_post_title_background_color":"","ocean_post_title_background":0,"ocean_post_title_bg_image_position":"","ocean_post_title_bg_image_attachment":"","ocean_post_title_bg_image_repeat":"","ocean_post_title_bg_image_size":"","ocean_post_title_height":0,"ocean_post_title_bg_overlay":0.5,"ocean_post_title_bg_overlay_color":"","ocean_disable_breadcrumbs":"off","ocean_breadcrumbs_color":"","ocean_breadcrumbs_separator_color":"","ocean_breadcrumbs_links_color":"","ocean_breadcrumbs_links_hover_color":"","ocean_display_footer_widgets":"default","ocean_display_footer_bottom":"default","ocean_custom_footer_template":"","footnotes":""},"class_list":["post-277","page","type-page","status-publish","hentry","entry"],"acf":[],"aioseo_notices":[],"_links":{"self":[{"href":"https:\/\/www.naturheilpraxis-stoetzer.de\/en\/wp-json\/wp\/v2\/pages\/277","targetHints":{"allow":["GET"]}}],"collection":[{"href":"https:\/\/www.naturheilpraxis-stoetzer.de\/en\/wp-json\/wp\/v2\/pages"}],"about":[{"href":"https:\/\/www.naturheilpraxis-stoetzer.de\/en\/wp-json\/wp\/v2\/types\/page"}],"author":[{"embeddable":true,"href":"https:\/\/www.naturheilpraxis-stoetzer.de\/en\/wp-json\/wp\/v2\/users\/2"}],"replies":[{"embeddable":true,"href":"https:\/\/www.naturheilpraxis-stoetzer.de\/en\/wp-json\/wp\/v2\/comments?post=277"}],"version-history":[{"count":13,"href":"https:\/\/www.naturheilpraxis-stoetzer.de\/en\/wp-json\/wp\/v2\/pages\/277\/revisions"}],"predecessor-version":[{"id":1268,"href":"https:\/\/www.naturheilpraxis-stoetzer.de\/en\/wp-json\/wp\/v2\/pages\/277\/revisions\/1268"}],"wp:attachment":[{"href":"https:\/\/www.naturheilpraxis-stoetzer.de\/en\/wp-json\/wp\/v2\/media?parent=277"}],"curies":[{"name":"wp","href":"https:\/\/api.w.org\/{rel}","templated":true}]}}