{"id":290,"date":"2025-04-01T08:17:36","date_gmt":"2025-04-01T08:17:36","guid":{"rendered":"https:\/\/www.naturheilpraxis-stoetzer.de\/?page_id=290"},"modified":"2025-10-06T12:28:16","modified_gmt":"2025-10-06T12:28:16","slug":"impressum","status":"publish","type":"page","link":"https:\/\/www.naturheilpraxis-stoetzer.de\/en\/impressum\/","title":{"rendered":"Imprint"},"content":{"rendered":"<div data-elementor-type=\"wp-page\" data-elementor-id=\"290\" class=\"elementor elementor-290\" data-elementor-post-type=\"page\">\n\t\t\t\t<div class=\"elementor-element elementor-element-745bcf9 e-flex e-con-boxed e-con e-parent\" data-id=\"745bcf9\" data-element_type=\"container\" data-e-type=\"container\">\n\t\t\t\t\t<div class=\"e-con-inner\">\n\t\t\t\t<div class=\"elementor-element elementor-element-abfebb6 elementor-widget elementor-widget-heading\" data-id=\"abfebb6\" data-element_type=\"widget\" data-e-type=\"widget\" data-widget_type=\"heading.default\">\n\t\t\t\t<div class=\"elementor-widget-container\">\n\t\t\t\t\t<h2 class=\"elementor-heading-title elementor-size-default\">IMPRESSUM, DISCLAIMER UND RECHTLICHE HINWEISE<\/h2>\t\t\t\t<\/div>\n\t\t\t\t<\/div>\n\t\t\t\t<div class=\"elementor-element elementor-element-8961349 elementor-widget elementor-widget-text-editor\" data-id=\"8961349\" data-element_type=\"widget\" data-e-type=\"widget\" data-widget_type=\"text-editor.default\">\n\t\t\t\t<div class=\"elementor-widget-container\">\n\t\t\t\t\t\t\t\t\t<div id=\"stacks_out_1232\" class=\"stacks_out\"><div id=\"stacks_in_1232\" class=\"stacks_in com_bigwhiteduck_stacks_FoundationHeaderPlus_stack\"><div id=\"stacks_out_1232\" class=\"stacks_out\"><div id=\"stacks_in_1232\" class=\"stacks_in com_bigwhiteduck_stacks_FoundationHeaderPlus_stack\"><h3 class=\"text-left custom headPlus\"><span class=\"hPlus\"><span class=\"hTxt\">IMPRESSUM, DISCLAIMER UND RECHTLICHE HINWEISE<\/span><\/span><\/h3><\/div><\/div><div id=\"stacks_out_5\" class=\"stacks_out\"><div id=\"stacks_in_5\" class=\"stacks_in com_joeworkman_stacks_foundation_paragraph_stack\"><p class=\"text-left custom\" draggable=\"false\"><strong>Die Inhalte meiner Seiten wurden mit gr\u00f6\u00dfter Sorgfalt gepr\u00fcft. F\u00fcr die Richtigkeit, Vollst\u00e4ndigkeit und Aktualit\u00e4t der Inhalte kann ich jedoch keine Gew\u00e4hr \u00fcbernehmen. Dies gilt auch f\u00fcr Links und Hinweise auf andere Internetseiten, direkt, oder indirekt.<\/strong><\/p><p>Die Diagnose- und Behandlungsmethoden meiner Website \u00a0sind Verfahren der naturheilkundlichen Erfahrungsmedizin und werden von der Schulmedizin meist weder geteilt, noch anerkannt. Einige Verfahren wurden bereits vor \u00fcber Tausend Jahren in der westlichen oder fern\u00f6stlichen Medizin beschrieben. Alle getroffenen Aussagen \u00fcber Wirkungen und Erkenntnisse beruhen auf Erfahrungen der jeweiligen Therapieeinrichtungen; ich kann keine Garantien \u00fcbernehmen.<\/p><p>In keinem Fall gebe ich Heilversprechen! Entscheidend f\u00fcr den Verlauf und Erfolg einer Therapie ist die Mitarbeit des Patienten. Viele Erkrankungen m\u00fcssen schulmedizinisch abgekl\u00e4rt werden!<\/p><p>Verantwortlich f\u00fcr die Website und deren Inhalte sowie ausf\u00fchrender Therapeut ist:<br \/>Marcus St\u00f6tzer, Heilpraktiker<br \/>Rheinstr. 45<br \/>65185 Wiesbaden<br \/>Tel. 0611-34 19 55 88<br \/>Fax 0611-34 19 55 89<br \/><a href=\"mailto:info@naturheilpraxis-stoetzer.de\">info@naturheilpraxis-stoetzer.de<\/a><\/p><p>Steuernummer: 08 170 50 701<br \/>Rechtsgrundlage ist das Heilpraktikergesetz vom 17.02.1939<br \/>Zust\u00e4ndiges Gesundheitsamt: Wiesbaden<\/p><p><strong>GESTALTUNG: DREYSPRING Werbung und Design \u00a0\u00a0<\/strong><strong><a title=\"Website DREYSPRING Werbung und Design\" href=\"http:\/\/www.dreyspring.com\/\">www.dreyspring.com<\/a><\/strong><strong><br \/>TECHNISCHE UMSETZUNG: Weber Media Consulting GmbH <a href=\"http:\/\/weber-media.com\/\">https:\/\/weber-media.com\/\u00a0<\/a><\/strong><strong><br \/>FOTOS: Till St\u00f6tzer<br \/><\/strong><br \/>Inhaltlich Verantwortlicher gem\u00e4\u00df \u00a7 10 Absatz 3 MDStV: Marcus St\u00f6tzer<br \/>Berufsverbandsmitgliedschaft in:<br \/>Verband unabh\u00e4ngiger Heilpraktiker,<br \/>Arbeitsgemeinschaft f\u00fcr Chiropraktik\/Osteopathie und Neuraltherapie deutscher Heilpraktiker,<br \/>Deutsche Akademie f\u00fcr Chelat-Therapie e.V.<\/p><p><strong>Urheberrecht<\/strong><br \/>Die durch die Seitenbetreiber erstellten Inhalte und Werke auf diesen Seiten unterliegen dem deutschen Urheberrecht. Die Vervielf\u00e4ltigung, Bearbeitung, Verbreitung und jede Art der Verwertung au\u00dferhalb der Grenzen des Urheberrechtes bed\u00fcrfen der schriftlichen Zustimmung des jeweiligen Autors bzw. Erstellers. Downloads und Kopien dieser Seite sind nur f\u00fcr den privaten, nicht kommerziellen Gebrauch gestattet. Soweit die Inhalte auf dieser Seite nicht vom Betreiber erstellt wurden, werden die Urheberrechte Dritter beachtet. Insbesondere werden Inhalte Dritter als solche gekennzeichnet. Sollten Sie trotzdem auf eine Urheberrechtsverletzung aufmerksam werden, bitten wir um einen entsprechenden Hinweis. Bei Bekanntwerden von Rechtsverletzungen werden wir derartige Inhalte umgehend entfernen.<\/p><p><strong>Newsletter und Kontaktaufnahme<\/strong><br \/>Wenn Sie den gegebenenfalls auf der Webseite angebotenen Newsletter empfangen m\u00f6chten oder \u00fcber ein Kontaktformular weitere Informationen anfordern , ben\u00f6tigen wir von Ihnen eine valide Email-Adresse sowie Informationen, die uns die \u00dcberpr\u00fcfung gestatten, dass Sie der Inhaber der angegebenen Email-Adresse sind bzw. deren Inhaber mit dem Empfang des Newsletters oder der weiterf\u00fchrenden Informationen einverstanden ist. Weitere Daten werden nicht erhoben.<br \/>Ihre Einwilligung zur Speicherung der Daten, der Email-Adresse sowie deren Nutzung zum Versand des Newsletters, so wir diesen anbieten, k\u00f6nnen Sie jederzeit widerrufen.<\/p><p><strong>Cookies<\/strong><br \/>Die Internetseite kann gegebenenfalls so genannte Cookies verwenden. Sie dienen dazu, unser Angebot nutzerfreundlicher, effektiver und sicherer zu machen. Cookies sind kleine Textdateien, die auf Ihrem Rechner abgelegt werden und die Ihr Browser speichert. Die meisten der von uns gegebenenfalls verwendeten Cookies sind so genannte \u201cSession-Cookies\u201d. Sie werden nach Ende Ihres Besuchs automatisch gel\u00f6scht. Cookies richten auf Ihrem Rechner keinen Schaden an und enthalten keine Viren.<\/p><p><strong>Kein Vertragsverh\u00e4ltnis<\/strong><br \/>Mit der Nutzung der Webseiten des Anbieters kommt keinerlei Vertragsverh\u00e4ltnis zwischen dem Nutzer und dem Anbieter zustande. Insofern ergeben sich auch keinerlei vertragliche oder vertrags\u00e4hnliche Anspr\u00fcche gegen den Anbieter. F\u00fcr den Fall, dass die Nutzung der Webseiten doch zu einem Vertragsverh\u00e4ltnis f\u00fchren sollte, gilt rein vorsorglich nachfolgende Haftungsbeschr\u00e4nkung: Der Anbieter haftet f\u00fcr Vorsatz und grobe Fahrl\u00e4ssigkeit sowie bei Verletzung einer wesentlichen Vertragspflicht (Kardinalpflicht). Der Anbieter haftet unter Begrenzung auf Ersatz des bei Vertragsschluss vorhersehbaren vertragstypischen Schadens f\u00fcr solche Sch\u00e4den, die auf einer leicht fahrl\u00e4ssigen Verletzung von Kardinalpflichten durch ihn oder eines seiner gesetzlichen Vertreter oder Erf\u00fcllungsgehilfen beruhen. Bei leicht fahrl\u00e4ssiger Verletzung von Nebenpflichten, die keine Kardinalpflichten sind, haftet der Anbieter nicht. Die Haftung f\u00fcr Sch\u00e4den, die in den Schutzbereich einer vom Anbieter gegebenen Garantie oder Zusicherung fallen sowie die Haftung f\u00fcr Anspr\u00fcche aufgrund des Produkthaftungsgesetzes und Sch\u00e4den aus der Verletzung des Lebens, des K\u00f6rpers oder der Gesundheit bleibt hiervon unber\u00fchrt.<\/p><p>Es gilt Das Recht der Bundesrepublik Deutschland.<\/p><p><strong>Rechtswirksamkeit<\/strong><br \/>Sofern Teile oder einzelne Formulierungen des oben genannten Textes der geltenden Rechtslage nicht, nicht mehr oder nicht vollst\u00e4ndig entsprechen sollten, bleiben die \u00fcbrigen Teile des Dokumentes in ihrem Inhalt und ihrer G\u00fcltigkeit davon unber\u00fchrt.<\/p><\/div><\/div><\/div><\/div>\t\t\t\t\t\t\t\t<\/div>\n\t\t\t\t<\/div>\n\t\t\t\t\t<\/div>\n\t\t\t\t<\/div>\n\t\t\t\t<\/div>","protected":false},"excerpt":{"rendered":"<p>IMPRESSUM, DISCLAIMER UND RECHTLICHE HINWEISE IMPRESSUM, DISCLAIMER UND RECHTLICHE HINWEISE Die Inhalte meiner Seiten wurden mit gr\u00f6\u00dfter Sorgfalt gepr\u00fcft. F\u00fcr die Richtigkeit, Vollst\u00e4ndigkeit und Aktualit\u00e4t der Inhalte kann ich jedoch keine Gew\u00e4hr \u00fcbernehmen. Dies gilt auch f\u00fcr Links und Hinweise auf andere Internetseiten, direkt, oder indirekt. Die Diagnose- und Behandlungsmethoden meiner Website \u00a0sind Verfahren der [&hellip;]<\/p>\n","protected":false},"author":2,"featured_media":0,"parent":0,"menu_order":0,"comment_status":"closed","ping_status":"closed","template":"","meta":{"_acf_changed":false,"om_disable_all_campaigns":false,"_monsterinsights_skip_tracking":false,"_monsterinsights_sitenote_active":false,"_monsterinsights_sitenote_note":"","_monsterinsights_sitenote_category":0,"ocean_post_layout":"full-screen","ocean_both_sidebars_style":"","ocean_both_sidebars_content_width":0,"ocean_both_sidebars_sidebars_width":0,"ocean_sidebar":"","ocean_second_sidebar":"","ocean_disable_margins":"on","ocean_add_body_class":"","ocean_shortcode_before_top_bar":"","ocean_shortcode_after_top_bar":"","ocean_shortcode_before_header":"","ocean_shortcode_after_header":"","ocean_has_shortcode":"","ocean_shortcode_after_title":"","ocean_shortcode_before_footer_widgets":"","ocean_shortcode_after_footer_widgets":"","ocean_shortcode_before_footer_bottom":"","ocean_shortcode_after_footer_bottom":"","ocean_display_top_bar":"default","ocean_display_header":"default","ocean_header_style":"","ocean_center_header_left_menu":"","ocean_custom_header_template":"","ocean_custom_logo":0,"ocean_custom_retina_logo":0,"ocean_custom_logo_max_width":0,"ocean_custom_logo_tablet_max_width":0,"ocean_custom_logo_mobile_max_width":0,"ocean_custom_logo_max_height":0,"ocean_custom_logo_tablet_max_height":0,"ocean_custom_logo_mobile_max_height":0,"ocean_header_custom_menu":"","ocean_menu_typo_font_family":"","ocean_menu_typo_font_subset":"","ocean_menu_typo_font_size":0,"ocean_menu_typo_font_size_tablet":0,"ocean_menu_typo_font_size_mobile":0,"ocean_menu_typo_font_size_unit":"px","ocean_menu_typo_font_weight":"","ocean_menu_typo_font_weight_tablet":"","ocean_menu_typo_font_weight_mobile":"","ocean_menu_typo_transform":"","ocean_menu_typo_transform_tablet":"","ocean_menu_typo_transform_mobile":"","ocean_menu_typo_line_height":0,"ocean_menu_typo_line_height_tablet":0,"ocean_menu_typo_line_height_mobile":0,"ocean_menu_typo_line_height_unit":"","ocean_menu_typo_spacing":0,"ocean_menu_typo_spacing_tablet":0,"ocean_menu_typo_spacing_mobile":0,"ocean_menu_typo_spacing_unit":"","ocean_menu_link_color":"","ocean_menu_link_color_hover":"","ocean_menu_link_color_active":"","ocean_menu_link_background":"","ocean_menu_link_hover_background":"","ocean_menu_link_active_background":"","ocean_menu_social_links_bg":"","ocean_menu_social_hover_links_bg":"","ocean_menu_social_links_color":"","ocean_menu_social_hover_links_color":"","ocean_disable_title":"on","ocean_disable_heading":"default","ocean_post_title":"","ocean_post_subheading":"","ocean_post_title_style":"","ocean_post_title_background_color":"","ocean_post_title_background":0,"ocean_post_title_bg_image_position":"","ocean_post_title_bg_image_attachment":"","ocean_post_title_bg_image_repeat":"","ocean_post_title_bg_image_size":"","ocean_post_title_height":0,"ocean_post_title_bg_overlay":0.5,"ocean_post_title_bg_overlay_color":"","ocean_disable_breadcrumbs":"off","ocean_breadcrumbs_color":"","ocean_breadcrumbs_separator_color":"","ocean_breadcrumbs_links_color":"","ocean_breadcrumbs_links_hover_color":"","ocean_display_footer_widgets":"off","ocean_display_footer_bottom":"default","ocean_custom_footer_template":"","footnotes":""},"class_list":["post-290","page","type-page","status-publish","hentry","entry"],"acf":[],"aioseo_notices":[],"_links":{"self":[{"href":"https:\/\/www.naturheilpraxis-stoetzer.de\/en\/wp-json\/wp\/v2\/pages\/290","targetHints":{"allow":["GET"]}}],"collection":[{"href":"https:\/\/www.naturheilpraxis-stoetzer.de\/en\/wp-json\/wp\/v2\/pages"}],"about":[{"href":"https:\/\/www.naturheilpraxis-stoetzer.de\/en\/wp-json\/wp\/v2\/types\/page"}],"author":[{"embeddable":true,"href":"https:\/\/www.naturheilpraxis-stoetzer.de\/en\/wp-json\/wp\/v2\/users\/2"}],"replies":[{"embeddable":true,"href":"https:\/\/www.naturheilpraxis-stoetzer.de\/en\/wp-json\/wp\/v2\/comments?post=290"}],"version-history":[{"count":13,"href":"https:\/\/www.naturheilpraxis-stoetzer.de\/en\/wp-json\/wp\/v2\/pages\/290\/revisions"}],"predecessor-version":[{"id":2139,"href":"https:\/\/www.naturheilpraxis-stoetzer.de\/en\/wp-json\/wp\/v2\/pages\/290\/revisions\/2139"}],"wp:attachment":[{"href":"https:\/\/www.naturheilpraxis-stoetzer.de\/en\/wp-json\/wp\/v2\/media?parent=290"}],"curies":[{"name":"wp","href":"https:\/\/api.w.org\/{rel}","templated":true}]}}