{"id":1699,"date":"2025-07-17T08:47:57","date_gmt":"2025-07-17T08:47:57","guid":{"rendered":"https:\/\/www.naturheilpraxis-stoetzer.de\/?page_id=1699"},"modified":"2025-10-06T12:51:53","modified_gmt":"2025-10-06T12:51:53","slug":"fit-fuer-den-alltag","status":"publish","type":"page","link":"https:\/\/www.naturheilpraxis-stoetzer.de\/fr\/fit-fuer-den-alltag\/","title":{"rendered":"En forme pour le quotidien"},"content":{"rendered":"<div data-elementor-type=\"wp-page\" data-elementor-id=\"1699\" class=\"elementor elementor-1699\" data-elementor-post-type=\"page\">\n\t\t\t\t<div class=\"elementor-element elementor-element-b71355b e-flex e-con-boxed e-con e-parent\" data-id=\"b71355b\" data-element_type=\"container\" data-e-type=\"container\" data-settings=\"{&quot;background_background&quot;:&quot;classic&quot;}\">\n\t\t\t\t\t<div class=\"e-con-inner\">\n\t\t\t\t<div class=\"elementor-element elementor-element-ecad912 elementor-widget elementor-widget-spacer\" data-id=\"ecad912\" data-element_type=\"widget\" data-e-type=\"widget\" data-widget_type=\"spacer.default\">\n\t\t\t\t<div class=\"elementor-widget-container\">\n\t\t\t\t\t\t\t<div class=\"elementor-spacer\">\n\t\t\t<div class=\"elementor-spacer-inner\"><\/div>\n\t\t<\/div>\n\t\t\t\t\t\t<\/div>\n\t\t\t\t<\/div>\n\t\t\t\t\t<\/div>\n\t\t\t\t<\/div>\n\t\t<div class=\"elementor-element elementor-element-417ee83 e-flex e-con-boxed e-con e-parent\" data-id=\"417ee83\" data-element_type=\"container\" data-e-type=\"container\">\n\t\t\t\t\t<div class=\"e-con-inner\">\n\t\t\t\t<div class=\"elementor-element elementor-element-9d7a060 elementor-widget elementor-widget-theme-post-title elementor-page-title elementor-widget-heading\" data-id=\"9d7a060\" data-element_type=\"widget\" data-e-type=\"widget\" data-widget_type=\"theme-post-title.default\">\n\t\t\t\t<div class=\"elementor-widget-container\">\n\t\t\t\t\t<h1 class=\"elementor-heading-title elementor-size-default\">En forme pour le quotidien<\/h1>\t\t\t\t<\/div>\n\t\t\t\t<\/div>\n\t\t\t\t\t<\/div>\n\t\t\t\t<\/div>\n\t\t<div class=\"elementor-element elementor-element-f594430 e-flex e-con-boxed e-con e-parent\" data-id=\"f594430\" data-element_type=\"container\" data-e-type=\"container\">\n\t\t\t\t\t<div class=\"e-con-inner\">\n\t\t\t\t<div class=\"elementor-element elementor-element-7acd72d elementor-widget__width-initial elementor-widget elementor-widget-text-editor\" data-id=\"7acd72d\" data-element_type=\"widget\" data-e-type=\"widget\" data-widget_type=\"text-editor.default\">\n\t\t\t\t<div class=\"elementor-widget-container\">\n\t\t\t\t\t\t\t\t\t<h3>Mehr Power &amp; Mentale Fitness \u2013 klar im Kopf, stark im Alltag<\/h3>\n<p>Wer im Alltag viel leistet \u2013 <strong>k\u00f6rperlich oder geistig<\/strong> \u2013 braucht mehr als nur Kaffee und Willenskraft.<br>Konzentration, mentale Belastbarkeit und Energie h\u00e4ngen eng mit der <strong>Sauerstoffversorgung<\/strong> und<br><strong>N\u00e4hrstoffzufuhr<\/strong> des K\u00f6rpers zusammen.<\/p>\n<p>Gerade hier kann gezielte Unterst\u00fctzung helfen: <strong>Oxyg\u00e9nation<\/strong> \u2013 die medizinische Sauerstofftherapie \u2013 verbessert die <strong>Durchblutung<\/strong>, f\u00f6rdert die <strong>Zellatmung<\/strong> und steigert die<br><strong>Leistungsf\u00e4higkeit<\/strong> auf nat\u00fcrliche Weise.<\/p>\n<p>Erg\u00e4nzend wirken <strong>B-Vitamine<\/strong>, insbesondere <strong>Vitamin B6<\/strong>, das eine zentrale Rolle f\u00fcr das<br><strong>Nervensystem<\/strong> und die <strong>kognitive Funktion<\/strong> spielt. In Kombination mit weiteren<br>Mikron\u00e4hrstoffen l\u00e4sst sich so mehr <strong>Klarheit<\/strong>, <strong>Fokus<\/strong> und <strong>Energie<\/strong><br>im Alltag erreichen \u2013 sanft, aber wirksam.<\/p>\t\t\t\t\t\t\t\t<\/div>\n\t\t\t\t<\/div>\n\t\t\t\t<div class=\"elementor-element elementor-element-824fd11 elementor-widget__width-initial elementor-widget elementor-widget-image\" data-id=\"824fd11\" data-element_type=\"widget\" data-e-type=\"widget\" data-widget_type=\"image.default\">\n\t\t\t\t<div class=\"elementor-widget-container\">\n\t\t\t\t\t\t\t\t\t\t\t\t\t\t\t<img fetchpriority=\"high\" decoding=\"async\" width=\"683\" height=\"1024\" src=\"https:\/\/www.naturheilpraxis-stoetzer.de\/wp-content\/uploads\/2025\/07\/dmitriy-k-PG3XeL1uWdU-unsplash-683x1024.jpg\" class=\"attachment-large size-large wp-image-1708\" alt=\"\" srcset=\"https:\/\/www.naturheilpraxis-stoetzer.de\/wp-content\/uploads\/2025\/07\/dmitriy-k-PG3XeL1uWdU-unsplash-683x1024.jpg 683w, https:\/\/www.naturheilpraxis-stoetzer.de\/wp-content\/uploads\/2025\/07\/dmitriy-k-PG3XeL1uWdU-unsplash-200x300.jpg 200w, https:\/\/www.naturheilpraxis-stoetzer.de\/wp-content\/uploads\/2025\/07\/dmitriy-k-PG3XeL1uWdU-unsplash-768x1152.jpg 768w, https:\/\/www.naturheilpraxis-stoetzer.de\/wp-content\/uploads\/2025\/07\/dmitriy-k-PG3XeL1uWdU-unsplash-1024x1536.jpg 1024w, https:\/\/www.naturheilpraxis-stoetzer.de\/wp-content\/uploads\/2025\/07\/dmitriy-k-PG3XeL1uWdU-unsplash-1366x2048.jpg 1366w, https:\/\/www.naturheilpraxis-stoetzer.de\/wp-content\/uploads\/2025\/07\/dmitriy-k-PG3XeL1uWdU-unsplash-scaled.jpg 1707w\" sizes=\"(max-width: 683px) 100vw, 683px\" \/>\t\t\t\t\t\t\t\t\t\t\t\t\t\t\t<\/div>\n\t\t\t\t<\/div>\n\t\t\t\t\t<\/div>\n\t\t\t\t<\/div>\n\t\t\t\t<\/div>","protected":false},"excerpt":{"rendered":"<p>Mehr Power &amp; Mentale Fitness \u2013 klar im Kopf, stark im Alltag Wer im Alltag viel leistet \u2013 k\u00f6rperlich oder geistig \u2013 braucht mehr als nur Kaffee und Willenskraft.Konzentration, mentale Belastbarkeit und Energie h\u00e4ngen eng mit der Sauerstoffversorgung undN\u00e4hrstoffzufuhr des K\u00f6rpers zusammen. Gerade hier kann gezielte Unterst\u00fctzung helfen: Oxyvenierung \u2013 die medizinische Sauerstofftherapie \u2013 verbessert [&hellip;]<\/p>\n","protected":false},"author":2,"featured_media":0,"parent":0,"menu_order":0,"comment_status":"closed","ping_status":"closed","template":"","meta":{"_acf_changed":false,"om_disable_all_campaigns":false,"_monsterinsights_skip_tracking":false,"_monsterinsights_sitenote_active":false,"_monsterinsights_sitenote_note":"","_monsterinsights_sitenote_category":0,"ocean_post_layout":"full-screen","ocean_both_sidebars_style":"","ocean_both_sidebars_content_width":0,"ocean_both_sidebars_sidebars_width":0,"ocean_sidebar":"","ocean_second_sidebar":"","ocean_disable_margins":"on","ocean_add_body_class":"","ocean_shortcode_before_top_bar":"","ocean_shortcode_after_top_bar":"","ocean_shortcode_before_header":"","ocean_shortcode_after_header":"","ocean_has_shortcode":"","ocean_shortcode_after_title":"","ocean_shortcode_before_footer_widgets":"","ocean_shortcode_after_footer_widgets":"","ocean_shortcode_before_footer_bottom":"","ocean_shortcode_after_footer_bottom":"","ocean_display_top_bar":"off","ocean_display_header":"on","ocean_header_style":"","ocean_center_header_left_menu":"","ocean_custom_header_template":"","ocean_custom_logo":0,"ocean_custom_retina_logo":0,"ocean_custom_logo_max_width":0,"ocean_custom_logo_tablet_max_width":0,"ocean_custom_logo_mobile_max_width":0,"ocean_custom_logo_max_height":0,"ocean_custom_logo_tablet_max_height":0,"ocean_custom_logo_mobile_max_height":0,"ocean_header_custom_menu":"","ocean_menu_typo_font_family":"","ocean_menu_typo_font_subset":"","ocean_menu_typo_font_size":0,"ocean_menu_typo_font_size_tablet":0,"ocean_menu_typo_font_size_mobile":0,"ocean_menu_typo_font_size_unit":"px","ocean_menu_typo_font_weight":"","ocean_menu_typo_font_weight_tablet":"","ocean_menu_typo_font_weight_mobile":"","ocean_menu_typo_transform":"","ocean_menu_typo_transform_tablet":"","ocean_menu_typo_transform_mobile":"","ocean_menu_typo_line_height":0,"ocean_menu_typo_line_height_tablet":0,"ocean_menu_typo_line_height_mobile":0,"ocean_menu_typo_line_height_unit":"","ocean_menu_typo_spacing":0,"ocean_menu_typo_spacing_tablet":0,"ocean_menu_typo_spacing_mobile":0,"ocean_menu_typo_spacing_unit":"","ocean_menu_link_color":"","ocean_menu_link_color_hover":"","ocean_menu_link_color_active":"","ocean_menu_link_background":"","ocean_menu_link_hover_background":"","ocean_menu_link_active_background":"","ocean_menu_social_links_bg":"","ocean_menu_social_hover_links_bg":"","ocean_menu_social_links_color":"","ocean_menu_social_hover_links_color":"","ocean_disable_title":"on","ocean_disable_heading":"default","ocean_post_title":"","ocean_post_subheading":"","ocean_post_title_style":"","ocean_post_title_background_color":"","ocean_post_title_background":0,"ocean_post_title_bg_image_position":"","ocean_post_title_bg_image_attachment":"","ocean_post_title_bg_image_repeat":"","ocean_post_title_bg_image_size":"","ocean_post_title_height":0,"ocean_post_title_bg_overlay":0.5,"ocean_post_title_bg_overlay_color":"","ocean_disable_breadcrumbs":"off","ocean_breadcrumbs_color":"","ocean_breadcrumbs_separator_color":"","ocean_breadcrumbs_links_color":"","ocean_breadcrumbs_links_hover_color":"","ocean_display_footer_widgets":"off","ocean_display_footer_bottom":"off","ocean_custom_footer_template":"","footnotes":""},"class_list":["post-1699","page","type-page","status-publish","hentry","entry"],"acf":[],"aioseo_notices":[],"_links":{"self":[{"href":"https:\/\/www.naturheilpraxis-stoetzer.de\/fr\/wp-json\/wp\/v2\/pages\/1699","targetHints":{"allow":["GET"]}}],"collection":[{"href":"https:\/\/www.naturheilpraxis-stoetzer.de\/fr\/wp-json\/wp\/v2\/pages"}],"about":[{"href":"https:\/\/www.naturheilpraxis-stoetzer.de\/fr\/wp-json\/wp\/v2\/types\/page"}],"author":[{"embeddable":true,"href":"https:\/\/www.naturheilpraxis-stoetzer.de\/fr\/wp-json\/wp\/v2\/users\/2"}],"replies":[{"embeddable":true,"href":"https:\/\/www.naturheilpraxis-stoetzer.de\/fr\/wp-json\/wp\/v2\/comments?post=1699"}],"version-history":[{"count":19,"href":"https:\/\/www.naturheilpraxis-stoetzer.de\/fr\/wp-json\/wp\/v2\/pages\/1699\/revisions"}],"predecessor-version":[{"id":1731,"href":"https:\/\/www.naturheilpraxis-stoetzer.de\/fr\/wp-json\/wp\/v2\/pages\/1699\/revisions\/1731"}],"wp:attachment":[{"href":"https:\/\/www.naturheilpraxis-stoetzer.de\/fr\/wp-json\/wp\/v2\/media?parent=1699"}],"curies":[{"name":"wp","href":"https:\/\/api.w.org\/{rel}","templated":true}]}}