{"id":1712,"date":"2025-07-17T09:09:01","date_gmt":"2025-07-17T09:09:01","guid":{"rendered":"https:\/\/www.naturheilpraxis-stoetzer.de\/?page_id=1712"},"modified":"2025-10-06T12:50:59","modified_gmt":"2025-10-06T12:50:59","slug":"fit-for-business","status":"publish","type":"page","link":"https:\/\/www.naturheilpraxis-stoetzer.de\/fr\/fit-for-business\/","title":{"rendered":"Fit for Business"},"content":{"rendered":"<div data-elementor-type=\"wp-page\" data-elementor-id=\"1712\" class=\"elementor elementor-1712\" data-elementor-post-type=\"page\">\n\t\t\t\t<div class=\"elementor-element elementor-element-b71355b e-flex e-con-boxed e-con e-parent\" data-id=\"b71355b\" data-element_type=\"container\" data-e-type=\"container\" data-settings=\"{&quot;background_background&quot;:&quot;classic&quot;}\">\n\t\t\t\t\t<div class=\"e-con-inner\">\n\t\t\t\t<div class=\"elementor-element elementor-element-ecad912 elementor-widget elementor-widget-spacer\" data-id=\"ecad912\" data-element_type=\"widget\" data-e-type=\"widget\" data-widget_type=\"spacer.default\">\n\t\t\t\t<div class=\"elementor-widget-container\">\n\t\t\t\t\t\t\t<div class=\"elementor-spacer\">\n\t\t\t<div class=\"elementor-spacer-inner\"><\/div>\n\t\t<\/div>\n\t\t\t\t\t\t<\/div>\n\t\t\t\t<\/div>\n\t\t\t\t\t<\/div>\n\t\t\t\t<\/div>\n\t\t<div class=\"elementor-element elementor-element-417ee83 e-flex e-con-boxed e-con e-parent\" data-id=\"417ee83\" data-element_type=\"container\" data-e-type=\"container\">\n\t\t\t\t\t<div class=\"e-con-inner\">\n\t\t\t\t<div class=\"elementor-element elementor-element-9d7a060 elementor-widget elementor-widget-theme-post-title elementor-page-title elementor-widget-heading\" data-id=\"9d7a060\" data-element_type=\"widget\" data-e-type=\"widget\" data-widget_type=\"theme-post-title.default\">\n\t\t\t\t<div class=\"elementor-widget-container\">\n\t\t\t\t\t<h1 class=\"elementor-heading-title elementor-size-default\">Fit for Business<\/h1>\t\t\t\t<\/div>\n\t\t\t\t<\/div>\n\t\t\t\t<div class=\"elementor-element elementor-element-40ac885 elementor-widget elementor-widget-image\" data-id=\"40ac885\" data-element_type=\"widget\" data-e-type=\"widget\" data-widget_type=\"image.default\">\n\t\t\t\t<div class=\"elementor-widget-container\">\n\t\t\t\t\t\t\t\t\t\t\t\t\t\t\t<img fetchpriority=\"high\" decoding=\"async\" width=\"1536\" height=\"1024\" src=\"https:\/\/www.naturheilpraxis-stoetzer.de\/wp-content\/uploads\/2025\/09\/Ingenieure-bei-der-Zusammenarbeit-im-Werk.png\" class=\"attachment-full size-full wp-image-2124\" alt=\"\" srcset=\"https:\/\/www.naturheilpraxis-stoetzer.de\/wp-content\/uploads\/2025\/09\/Ingenieure-bei-der-Zusammenarbeit-im-Werk.png 1536w, https:\/\/www.naturheilpraxis-stoetzer.de\/wp-content\/uploads\/2025\/09\/Ingenieure-bei-der-Zusammenarbeit-im-Werk-300x200.png 300w, https:\/\/www.naturheilpraxis-stoetzer.de\/wp-content\/uploads\/2025\/09\/Ingenieure-bei-der-Zusammenarbeit-im-Werk-1024x683.png 1024w, https:\/\/www.naturheilpraxis-stoetzer.de\/wp-content\/uploads\/2025\/09\/Ingenieure-bei-der-Zusammenarbeit-im-Werk-768x512.png 768w, https:\/\/www.naturheilpraxis-stoetzer.de\/wp-content\/uploads\/2025\/09\/Ingenieure-bei-der-Zusammenarbeit-im-Werk-18x12.png 18w\" sizes=\"(max-width: 1536px) 100vw, 1536px\" \/>\t\t\t\t\t\t\t\t\t\t\t\t\t\t\t<\/div>\n\t\t\t\t<\/div>\n\t\t\t\t\t<\/div>\n\t\t\t\t<\/div>\n\t\t<div class=\"elementor-element elementor-element-f594430 e-flex e-con-boxed e-con e-parent\" data-id=\"f594430\" data-element_type=\"container\" data-e-type=\"container\">\n\t\t\t\t\t<div class=\"e-con-inner\">\n\t\t\t\t<div class=\"elementor-element elementor-element-7acd72d elementor-widget__width-initial elementor-widget elementor-widget-text-editor\" data-id=\"7acd72d\" data-element_type=\"widget\" data-e-type=\"widget\" data-widget_type=\"text-editor.default\">\n\t\t\t\t<div class=\"elementor-widget-container\">\n\t\t\t\t\t\t\t\t\t<h2>Gesunde Mitarbeiter \u2013 Ihr unternehmerischer Erfolgsfaktor<\/h2>\n\n<p>\n  Die Ressource der Mitarbeiter, deren Arbeitskraft, Erfahrung und deren motiviertes Miteinander bilden ein Fundament Ihres Unternehmens.\n<\/p>\n\n<p>\n  Ein erh\u00f6hter Krankenstand kostet viel Geld, ist \u00e4rgerlich und stressig f\u00fcr Sie und Ihre Mitarbeiter.\n  In Deutschland erreichte 2024 der Krankenstand <strong>14,8 Krankheitstage pro Mitarbeiter<\/strong>.\n  Bei durchschnittlichen Kosten von <strong>250 Euro pro Tag<\/strong> sind das ca. <strong>3.700 \u20ac<\/strong> pro Mitarbeiter, pro Jahr.\n<\/p>\n\n<h3>Eine Win-Win-Situation \u2026 F\u00fcr Ihre Firma und Ihre Mitarbeiter<\/h3>\n\n<p>\n  Gesunde Mitarbeiter sind motivierter, loyaler und arbeiten effektiver\u2026\n  Selbst in sogenannten <strong>Erk\u00e4ltungswellen<\/strong> kann man die Gesundheit seiner Mitarbeiter durch gezieltes Gesundheitsmanagement unterst\u00fctzen\n  und teure Ausfallzeiten <strong>reduzieren oder gar vermeiden<\/strong>.\n<\/p>\n\n<h3>Wie funktioniert es?<\/h3>\n\n<p>\n  Ihre Mitarbeiter werden durch mich untersucht, um gesundheitliche Defizite zu erkennen.\n  Ich biete in meiner Praxis die <strong>genaue und bedarfsgerechte Kontrolle der Blutwerte<\/strong> an.\n<\/p>\n\n<p>\n  Hierauf erfolgt eine <strong>intensive Besprechung<\/strong> und ein daraus resultierender <strong>Therapievorschlag<\/strong> \u2013\n  teils durch <strong>erg\u00e4nzende Pr\u00e4parate<\/strong>, teils durch <strong>Infusionen<\/strong>.\n<\/p>\n\n<h3>Der Nutzen f\u00fcr Sie \u2026 ?<\/h3>\n\n<p>\n  Als Arbeitgeber k\u00f6nnen Sie diese gezielten Ma\u00dfnahmen bis zu <strong>600 \u20ac pro Jahr und Mitarbeiter<\/strong> steuerlich geltend machen.\n<\/p>\n\n<p>\n  Diese sind als <strong>Betriebsausgabe voll absetzbar<\/strong>. Es handelt sich um Leistungen\n  \u201e\u2026 zur Verhinderung und Verminderung von Krankheitsrisiken und zur F\u00f6rderung der Gesundheit\u2026\u201c.\n<\/p>\n\t\t\t\t\t\t\t\t<\/div>\n\t\t\t\t<\/div>\n\t\t\t\t\t<\/div>\n\t\t\t\t<\/div>\n\t\t\t\t<\/div>","protected":false},"excerpt":{"rendered":"<p>Gesunde Mitarbeiter \u2013 Ihr unternehmerischer Erfolgsfaktor Die Ressource der Mitarbeiter, deren Arbeitskraft, Erfahrung und deren motiviertes Miteinander bilden ein Fundament Ihres Unternehmens. Ein erh\u00f6hter Krankenstand kostet viel Geld, ist \u00e4rgerlich und stressig f\u00fcr Sie und Ihre Mitarbeiter. In Deutschland erreichte 2024 der Krankenstand 14,8 Krankheitstage pro Mitarbeiter. Bei durchschnittlichen Kosten von 250 Euro pro Tag [&hellip;]<\/p>\n","protected":false},"author":2,"featured_media":0,"parent":0,"menu_order":0,"comment_status":"closed","ping_status":"closed","template":"","meta":{"_acf_changed":false,"om_disable_all_campaigns":false,"_monsterinsights_skip_tracking":false,"_monsterinsights_sitenote_active":false,"_monsterinsights_sitenote_note":"","_monsterinsights_sitenote_category":0,"ocean_post_layout":"full-screen","ocean_both_sidebars_style":"","ocean_both_sidebars_content_width":0,"ocean_both_sidebars_sidebars_width":0,"ocean_sidebar":"","ocean_second_sidebar":"","ocean_disable_margins":"on","ocean_add_body_class":"","ocean_shortcode_before_top_bar":"","ocean_shortcode_after_top_bar":"","ocean_shortcode_before_header":"","ocean_shortcode_after_header":"","ocean_has_shortcode":"","ocean_shortcode_after_title":"","ocean_shortcode_before_footer_widgets":"","ocean_shortcode_after_footer_widgets":"","ocean_shortcode_before_footer_bottom":"","ocean_shortcode_after_footer_bottom":"","ocean_display_top_bar":"off","ocean_display_header":"on","ocean_header_style":"","ocean_center_header_left_menu":"","ocean_custom_header_template":"","ocean_custom_logo":0,"ocean_custom_retina_logo":0,"ocean_custom_logo_max_width":0,"ocean_custom_logo_tablet_max_width":0,"ocean_custom_logo_mobile_max_width":0,"ocean_custom_logo_max_height":0,"ocean_custom_logo_tablet_max_height":0,"ocean_custom_logo_mobile_max_height":0,"ocean_header_custom_menu":"","ocean_menu_typo_font_family":"","ocean_menu_typo_font_subset":"","ocean_menu_typo_font_size":0,"ocean_menu_typo_font_size_tablet":0,"ocean_menu_typo_font_size_mobile":0,"ocean_menu_typo_font_size_unit":"px","ocean_menu_typo_font_weight":"","ocean_menu_typo_font_weight_tablet":"","ocean_menu_typo_font_weight_mobile":"","ocean_menu_typo_transform":"","ocean_menu_typo_transform_tablet":"","ocean_menu_typo_transform_mobile":"","ocean_menu_typo_line_height":0,"ocean_menu_typo_line_height_tablet":0,"ocean_menu_typo_line_height_mobile":0,"ocean_menu_typo_line_height_unit":"","ocean_menu_typo_spacing":0,"ocean_menu_typo_spacing_tablet":0,"ocean_menu_typo_spacing_mobile":0,"ocean_menu_typo_spacing_unit":"","ocean_menu_link_color":"","ocean_menu_link_color_hover":"","ocean_menu_link_color_active":"","ocean_menu_link_background":"","ocean_menu_link_hover_background":"","ocean_menu_link_active_background":"","ocean_menu_social_links_bg":"","ocean_menu_social_hover_links_bg":"","ocean_menu_social_links_color":"","ocean_menu_social_hover_links_color":"","ocean_disable_title":"on","ocean_disable_heading":"default","ocean_post_title":"","ocean_post_subheading":"","ocean_post_title_style":"","ocean_post_title_background_color":"","ocean_post_title_background":0,"ocean_post_title_bg_image_position":"","ocean_post_title_bg_image_attachment":"","ocean_post_title_bg_image_repeat":"","ocean_post_title_bg_image_size":"","ocean_post_title_height":0,"ocean_post_title_bg_overlay":0.5,"ocean_post_title_bg_overlay_color":"","ocean_disable_breadcrumbs":"off","ocean_breadcrumbs_color":"","ocean_breadcrumbs_separator_color":"","ocean_breadcrumbs_links_color":"","ocean_breadcrumbs_links_hover_color":"","ocean_display_footer_widgets":"off","ocean_display_footer_bottom":"off","ocean_custom_footer_template":"","footnotes":""},"class_list":["post-1712","page","type-page","status-publish","hentry","entry"],"acf":[],"aioseo_notices":[],"_links":{"self":[{"href":"https:\/\/www.naturheilpraxis-stoetzer.de\/fr\/wp-json\/wp\/v2\/pages\/1712","targetHints":{"allow":["GET"]}}],"collection":[{"href":"https:\/\/www.naturheilpraxis-stoetzer.de\/fr\/wp-json\/wp\/v2\/pages"}],"about":[{"href":"https:\/\/www.naturheilpraxis-stoetzer.de\/fr\/wp-json\/wp\/v2\/types\/page"}],"author":[{"embeddable":true,"href":"https:\/\/www.naturheilpraxis-stoetzer.de\/fr\/wp-json\/wp\/v2\/users\/2"}],"replies":[{"embeddable":true,"href":"https:\/\/www.naturheilpraxis-stoetzer.de\/fr\/wp-json\/wp\/v2\/comments?post=1712"}],"version-history":[{"count":10,"href":"https:\/\/www.naturheilpraxis-stoetzer.de\/fr\/wp-json\/wp\/v2\/pages\/1712\/revisions"}],"predecessor-version":[{"id":2131,"href":"https:\/\/www.naturheilpraxis-stoetzer.de\/fr\/wp-json\/wp\/v2\/pages\/1712\/revisions\/2131"}],"wp:attachment":[{"href":"https:\/\/www.naturheilpraxis-stoetzer.de\/fr\/wp-json\/wp\/v2\/media?parent=1712"}],"curies":[{"name":"wp","href":"https:\/\/api.w.org\/{rel}","templated":true}]}}